{"id":38,"date":"2025-03-18T00:01:26","date_gmt":"2025-03-18T00:01:26","guid":{"rendered":"https:\/\/asamcoltd.com\/?page_id=38"},"modified":"2025-03-20T14:04:31","modified_gmt":"2025-03-20T19:04:31","slug":"inicio","status":"publish","type":"page","link":"https:\/\/asamcoltd.com\/","title":{"rendered":"Inicio"},"content":{"rendered":"\t\t<div data-elementor-type=\"wp-page\" data-elementor-id=\"38\" class=\"elementor elementor-38\">\n\t\t\t\t<div class=\"elementor-element elementor-element-30d4c0e e-flex e-con-boxed e-con e-parent\" data-id=\"30d4c0e\" data-element_type=\"container\">\n\t\t\t\t\t<div class=\"e-con-inner\">\n\t\t\t\t<div class=\"elementor-element elementor-element-e9429f2 elementor-invisible elementor-widget elementor-widget-video\" data-id=\"e9429f2\" data-element_type=\"widget\" data-settings=\"{&quot;video_type&quot;:&quot;vimeo&quot;,&quot;autoplay&quot;:&quot;yes&quot;,&quot;_animation&quot;:&quot;fadeIn&quot;}\" data-widget_type=\"video.default\">\n\t\t\t\t<div class=\"elementor-widget-container\">\n\t\t\t\t\t\t\t<div class=\"elementor-wrapper elementor-open-inline\">\n\t\t\t<iframe class=\"elementor-video-iframe\" allowfullscreen allow=\"autoplay\" title=\"Reproductor de v\u00eddeo vimeo\" src=\"https:\/\/player.vimeo.com\/video\/1067865894?autoplay=1&amp;color&amp;autopause=0&amp;loop=0&amp;muted=0&amp;title=1&amp;portrait=1&amp;byline=1&amp;h=9c36b5bf31#t=\"><\/iframe>\t\t<\/div>\n\t\t\t\t\t\t<\/div>\n\t\t\t\t<\/div>\n\t\t\t\t\t<\/div>\n\t\t\t\t<\/div>\n\t\t<div class=\"elementor-element elementor-element-686e9fc3 e-flex e-con-boxed e-con e-parent\" data-id=\"686e9fc3\" data-element_type=\"container\">\n\t\t\t\t\t<div class=\"e-con-inner\">\n\t\t\t\t<div class=\"elementor-element elementor-element-2fd9dd78 elementor-widget elementor-widget-text-editor\" data-id=\"2fd9dd78\" data-element_type=\"widget\" data-widget_type=\"text-editor.default\">\n\t\t\t\t<div class=\"elementor-widget-container\">\n\t\t\t\t\t\t\t\t\t<p style=\"text-align: left;\"><span style=\"color: var( --e-global-color-text ); font-family: var( --e-global-typography-text-font-family ), Sans-serif; font-weight: var( --e-global-typography-text-font-weight ); font-size: 1rem;\">Asamco naci\u00f3 como una empresa especializada en el sector minero y hemos diversificado nuestro campo de operaciones a nivel internacional en los siguientes rubros: Consultor\u00eda Especializada en Geolog\u00eda, Geof\u00edsica, Ingenier\u00eda del Suelo y del Agua, Estudios y Desarrollo Energ\u00e9tico, Obras de Adaptaci\u00f3n Paisaj\u00edstica, Saneamiento y Rehabilitaci\u00f3n Ambiental, Desarrollo de Proyectos en Explotaci\u00f3n &#8211; Exploraci\u00f3n Minera y Financiamiento Minero crear valor a largo plazo mediante la\u00a0transformaci\u00f3n sostenible de recursos minerales, impulsando la innovaci\u00f3n y el respeto por el medio ambiente.<\/span><\/p><p><img fetchpriority=\"high\" decoding=\"async\" width=\"1024\" height=\"575\" class=\"kb-img wp-image-66\" style=\"font-size: 1rem;\" src=\"https:\/\/asamcoltd.com\/wp-content\/uploads\/2025\/03\/pexels-vikashkr50-17971722-1024x575.jpg\" alt=\"\" srcset=\"https:\/\/asamcoltd.com\/wp-content\/uploads\/2025\/03\/pexels-vikashkr50-17971722-1024x575.jpg 1024w, https:\/\/asamcoltd.com\/wp-content\/uploads\/2025\/03\/pexels-vikashkr50-17971722-300x169.jpg 300w, https:\/\/asamcoltd.com\/wp-content\/uploads\/2025\/03\/pexels-vikashkr50-17971722-768x432.jpg 768w, https:\/\/asamcoltd.com\/wp-content\/uploads\/2025\/03\/pexels-vikashkr50-17971722-1536x863.jpg 1536w, https:\/\/asamcoltd.com\/wp-content\/uploads\/2025\/03\/pexels-vikashkr50-17971722.jpg 1920w\" sizes=\"(max-width: 706px) 89vw, (max-width: 767px) 82vw, 740px\" \/><\/p>\t\t\t\t\t\t\t\t<\/div>\n\t\t\t\t<\/div>\n\t\t\t\t\t<\/div>\n\t\t\t\t<\/div>\n\t\t\t\t<\/div>\n\t\t","protected":false},"excerpt":{"rendered":"<p>https:\/\/vimeo.com\/1067865894\/9c36b5bf31?ts=0&#038;share=copy Asamco naci\u00f3 como una empresa especializada en el sector minero y hemos diversificado nuestro campo de operaciones a nivel internacional en los siguientes rubros: Consultor\u00eda Especializada en Geolog\u00eda, Geof\u00edsica, Ingenier\u00eda del Suelo y del Agua, Estudios y Desarrollo Energ\u00e9tico, Obras de Adaptaci\u00f3n Paisaj\u00edstica, Saneamiento y Rehabilitaci\u00f3n Ambiental, Desarrollo de Proyectos en Explotaci\u00f3n &#8211; Exploraci\u00f3n &hellip; <\/p>\n<p class=\"link-more\"><a href=\"https:\/\/asamcoltd.com\/\" class=\"more-link\">Continuar leyendo<span class=\"screen-reader-text\"> \u00abInicio\u00bb<\/span><\/a><\/p>\n","protected":false},"author":1,"featured_media":0,"parent":0,"menu_order":0,"comment_status":"closed","ping_status":"closed","template":"","meta":{"footnotes":""},"class_list":["post-38","page","type-page","status-publish","hentry"],"_links":{"self":[{"href":"https:\/\/asamcoltd.com\/index.php\/wp-json\/wp\/v2\/pages\/38","targetHints":{"allow":["GET"]}}],"collection":[{"href":"https:\/\/asamcoltd.com\/index.php\/wp-json\/wp\/v2\/pages"}],"about":[{"href":"https:\/\/asamcoltd.com\/index.php\/wp-json\/wp\/v2\/types\/page"}],"author":[{"embeddable":true,"href":"https:\/\/asamcoltd.com\/index.php\/wp-json\/wp\/v2\/users\/1"}],"replies":[{"embeddable":true,"href":"https:\/\/asamcoltd.com\/index.php\/wp-json\/wp\/v2\/comments?post=38"}],"version-history":[{"count":71,"href":"https:\/\/asamcoltd.com\/index.php\/wp-json\/wp\/v2\/pages\/38\/revisions"}],"predecessor-version":[{"id":528,"href":"https:\/\/asamcoltd.com\/index.php\/wp-json\/wp\/v2\/pages\/38\/revisions\/528"}],"wp:attachment":[{"href":"https:\/\/asamcoltd.com\/index.php\/wp-json\/wp\/v2\/media?parent=38"}],"curies":[{"name":"wp","href":"https:\/\/api.w.org\/{rel}","templated":true}]}}