{"id":330,"date":"2025-03-18T18:47:16","date_gmt":"2025-03-18T23:47:16","guid":{"rendered":"https:\/\/asamcoltd.com\/?page_id=330"},"modified":"2025-03-18T19:15:48","modified_gmt":"2025-03-19T00:15:48","slug":"mision-y-vision","status":"publish","type":"page","link":"https:\/\/asamcoltd.com\/index.php\/mision-y-vision\/","title":{"rendered":"Mision y Vision"},"content":{"rendered":"\t\t<div data-elementor-type=\"wp-page\" data-elementor-id=\"330\" class=\"elementor elementor-330\">\n\t\t\t\t<div class=\"elementor-element elementor-element-5fdc520 e-con-full e-flex e-con e-parent\" data-id=\"5fdc520\" data-element_type=\"container\">\n\t\t\t\t<div class=\"elementor-element elementor-element-ddabf43 elementor-widget__width-initial elementor-widget elementor-widget-image\" data-id=\"ddabf43\" data-element_type=\"widget\" data-widget_type=\"image.default\">\n\t\t\t\t<div class=\"elementor-widget-container\">\n\t\t\t\t\t\t\t\t\t\t\t\t\t\t\t<img fetchpriority=\"high\" decoding=\"async\" width=\"525\" height=\"394\" src=\"https:\/\/asamcoltd.com\/wp-content\/uploads\/2025\/03\/pexels-sdoeloe-7436814-1024x768.jpg\" class=\"attachment-large size-large wp-image-161\" alt=\"\" srcset=\"https:\/\/asamcoltd.com\/wp-content\/uploads\/2025\/03\/pexels-sdoeloe-7436814-1024x768.jpg 1024w, https:\/\/asamcoltd.com\/wp-content\/uploads\/2025\/03\/pexels-sdoeloe-7436814-300x225.jpg 300w, https:\/\/asamcoltd.com\/wp-content\/uploads\/2025\/03\/pexels-sdoeloe-7436814-768x576.jpg 768w, https:\/\/asamcoltd.com\/wp-content\/uploads\/2025\/03\/pexels-sdoeloe-7436814-1536x1152.jpg 1536w, https:\/\/asamcoltd.com\/wp-content\/uploads\/2025\/03\/pexels-sdoeloe-7436814.jpg 1920w\" sizes=\"100vw\" \/>\t\t\t\t\t\t\t\t\t\t\t\t\t\t\t<\/div>\n\t\t\t\t<\/div>\n\t\t\t\t<\/div>\n\t\t<div class=\"elementor-element elementor-element-88a0715 e-con-full e-flex e-con e-parent\" data-id=\"88a0715\" data-element_type=\"container\">\n\t\t\t\t<div class=\"elementor-element elementor-element-ee970f3 elementor-widget__width-initial elementor-widget elementor-widget-text-editor\" data-id=\"ee970f3\" data-element_type=\"widget\" data-widget_type=\"text-editor.default\">\n\t\t\t\t<div class=\"elementor-widget-container\">\n\t\t\t\t\t\t\t\t\t<p><strong>Misi\u00f3n: <\/strong>Crear valor a largo plazo mediante la transformaci\u00f3n sostenible de recursos minerales, impulsando la innovaci\u00f3n y el respeto por el medio ambiente.<\/p>\t\t\t\t\t\t\t\t<\/div>\n\t\t\t\t<\/div>\n\t\t\t\t<\/div>\n\t\t<div class=\"elementor-element elementor-element-314d265 e-con-full e-flex e-con e-parent\" data-id=\"314d265\" data-element_type=\"container\">\n\t\t\t\t<div class=\"elementor-element elementor-element-0fa87e1 elementor-widget__width-initial elementor-widget elementor-widget-image\" data-id=\"0fa87e1\" data-element_type=\"widget\" data-widget_type=\"image.default\">\n\t\t\t\t<div class=\"elementor-widget-container\">\n\t\t\t\t\t\t\t\t\t\t\t\t\t\t\t<img decoding=\"async\" width=\"525\" height=\"315\" src=\"https:\/\/asamcoltd.com\/wp-content\/uploads\/2025\/03\/cropped-pexels-vikashkr50-17971746-1024x615.jpg\" class=\"attachment-large size-large wp-image-26\" alt=\"\" srcset=\"https:\/\/asamcoltd.com\/wp-content\/uploads\/2025\/03\/cropped-pexels-vikashkr50-17971746-1024x615.jpg 1024w, https:\/\/asamcoltd.com\/wp-content\/uploads\/2025\/03\/cropped-pexels-vikashkr50-17971746-300x180.jpg 300w, https:\/\/asamcoltd.com\/wp-content\/uploads\/2025\/03\/cropped-pexels-vikashkr50-17971746-768x461.jpg 768w, https:\/\/asamcoltd.com\/wp-content\/uploads\/2025\/03\/cropped-pexels-vikashkr50-17971746-1536x922.jpg 1536w, https:\/\/asamcoltd.com\/wp-content\/uploads\/2025\/03\/cropped-pexels-vikashkr50-17971746.jpg 2000w\" sizes=\"100vw\" \/>\t\t\t\t\t\t\t\t\t\t\t\t\t\t\t<\/div>\n\t\t\t\t<\/div>\n\t\t\t\t<\/div>\n\t\t<div class=\"elementor-element elementor-element-690ee4e e-con-full e-flex e-con e-parent\" data-id=\"690ee4e\" data-element_type=\"container\">\n\t\t\t\t<div class=\"elementor-element elementor-element-92ebe3c elementor-widget__width-initial elementor-widget-mobile__width-initial elementor-widget elementor-widget-text-editor\" data-id=\"92ebe3c\" data-element_type=\"widget\" data-widget_type=\"text-editor.default\">\n\t\t\t\t<div class=\"elementor-widget-container\">\n\t\t\t\t\t\t\t\t\t<p><strong>Visi\u00f3n:&nbsp;<\/strong>Transformamos el futuro de la miner\u00eda mediante la integraci\u00f3n de conocimientos especializados en los diferentes aspectos de esta labor y, aspiramos a liderar la industria con un enfoque sostenible y responsable que fortalezca cada comunidad&nbsp;<\/p><p>en la que operamos.<\/p>\t\t\t\t\t\t\t\t<\/div>\n\t\t\t\t<\/div>\n\t\t\t\t<\/div>\n\t\t\t\t<\/div>\n\t\t","protected":false},"excerpt":{"rendered":"<p>Misi\u00f3n: Crear valor a largo plazo mediante la transformaci\u00f3n sostenible de recursos minerales, impulsando la innovaci\u00f3n y el respeto por el medio ambiente. Visi\u00f3n:&nbsp;Transformamos el futuro de la miner\u00eda mediante la integraci\u00f3n de conocimientos especializados en los diferentes aspectos de esta labor y, aspiramos a liderar la industria con un enfoque sostenible y responsable que &hellip; <\/p>\n<p class=\"link-more\"><a href=\"https:\/\/asamcoltd.com\/index.php\/mision-y-vision\/\" class=\"more-link\">Continuar leyendo<span class=\"screen-reader-text\"> \u00abMision y Vision\u00bb<\/span><\/a><\/p>\n","protected":false},"author":1,"featured_media":0,"parent":0,"menu_order":0,"comment_status":"closed","ping_status":"closed","template":"","meta":{"footnotes":""},"class_list":["post-330","page","type-page","status-publish","hentry"],"_links":{"self":[{"href":"https:\/\/asamcoltd.com\/index.php\/wp-json\/wp\/v2\/pages\/330","targetHints":{"allow":["GET"]}}],"collection":[{"href":"https:\/\/asamcoltd.com\/index.php\/wp-json\/wp\/v2\/pages"}],"about":[{"href":"https:\/\/asamcoltd.com\/index.php\/wp-json\/wp\/v2\/types\/page"}],"author":[{"embeddable":true,"href":"https:\/\/asamcoltd.com\/index.php\/wp-json\/wp\/v2\/users\/1"}],"replies":[{"embeddable":true,"href":"https:\/\/asamcoltd.com\/index.php\/wp-json\/wp\/v2\/comments?post=330"}],"version-history":[{"count":28,"href":"https:\/\/asamcoltd.com\/index.php\/wp-json\/wp\/v2\/pages\/330\/revisions"}],"predecessor-version":[{"id":360,"href":"https:\/\/asamcoltd.com\/index.php\/wp-json\/wp\/v2\/pages\/330\/revisions\/360"}],"wp:attachment":[{"href":"https:\/\/asamcoltd.com\/index.php\/wp-json\/wp\/v2\/media?parent=330"}],"curies":[{"name":"wp","href":"https:\/\/api.w.org\/{rel}","templated":true}]}}